{"id":9701,"date":"2025-10-23T16:16:23","date_gmt":"2025-10-23T16:16:23","guid":{"rendered":"https:\/\/fps.self.in.rs\/?page_id=9701"},"modified":"2026-03-02T11:35:12","modified_gmt":"2026-03-02T11:35:12","slug":"specialist-dr-fan-chunl","status":"publish","type":"page","link":"https:\/\/drdongclinic.ch\/en\/specialiste-dr-fan-chunl\/","title":{"rendered":"Practitioner - Dr Fan Chunl"},"content":{"rendered":"<div data-elementor-type=\"wp-page\" data-elementor-id=\"9701\" class=\"elementor elementor-9701\" data-elementor-post-type=\"page\">\n\t\t\t\t<div class=\"elementor-element elementor-element-5386043 e-flex e-con-boxed e-con e-parent\" data-id=\"5386043\" data-element_type=\"container\" data-e-type=\"container\">\n\t\t\t\t\t<div class=\"e-con-inner\">\n\t\t\t\t<div class=\"elementor-element elementor-element-1aaacb3 elementor-widget elementor-widget-heading\" data-id=\"1aaacb3\" data-element_type=\"widget\" data-e-type=\"widget\" data-widget_type=\"heading.default\">\n\t\t\t\t\t<span class=\"elementor-heading-title elementor-size-default\">Our Specialists<\/span>\t\t\t\t<\/div>\n\t\t\t\t<div class=\"elementor-element elementor-element-7818421 elementor-widget elementor-widget-heading\" data-id=\"7818421\" data-element_type=\"widget\" data-e-type=\"widget\" data-widget_type=\"heading.default\">\n\t\t\t\t\t<h2 class=\"elementor-heading-title elementor-size-default\">TRADITIONAL CHINESE MEDICINE DOCTORS<\/h2>\t\t\t\t<\/div>\n\t\t\t\t<div class=\"elementor-element elementor-element-14f7967 elementor-widget-divider--view-line elementor-widget elementor-widget-divider\" data-id=\"14f7967\" data-element_type=\"widget\" data-e-type=\"widget\" data-widget_type=\"divider.default\">\n\t\t\t\t\t\t\t<div class=\"elementor-divider\">\n\t\t\t<span class=\"elementor-divider-separator\">\n\t\t\t\t\t\t<\/span>\n\t\t<\/div>\n\t\t\t\t\t\t<\/div>\n\t\t\t\t\t<\/div>\n\t\t\t\t<\/div>\n\t\t<div class=\"elementor-element elementor-element-6bfac04 e-flex e-con-boxed e-con e-parent\" data-id=\"6bfac04\" data-element_type=\"container\" data-e-type=\"container\">\n\t\t\t\t\t<div class=\"e-con-inner\">\n\t\t<div class=\"elementor-element elementor-element-cdd9ecc e-con-full e-flex e-con e-child\" data-id=\"cdd9ecc\" data-element_type=\"container\" data-e-type=\"container\">\n\t\t\t\t<div class=\"elementor-element elementor-element-05e1819 elementor-widget elementor-widget-image\" data-id=\"05e1819\" data-element_type=\"widget\" data-e-type=\"widget\" data-widget_type=\"image.default\">\n\t\t\t\t\t\t\t\t\t\t\t\t\t\t\t<img decoding=\"async\" src=\"https:\/\/fps.self.in.rs\/wp-content\/uploads\/2025\/09\/Fan-scaled.jpeg\" title=\"\" alt=\"\" loading=\"lazy\" \/>\t\t\t\t\t\t\t\t\t\t\t\t\t\t\t<\/div>\n\t\t\t\t<\/div>\n\t\t<div class=\"elementor-element elementor-element-df7d109 e-con-full e-flex e-con e-child\" data-id=\"df7d109\" data-element_type=\"container\" data-e-type=\"container\">\n\t\t\t\t<div class=\"elementor-element elementor-element-a7ae816 elementor-widget elementor-widget-heading\" data-id=\"a7ae816\" data-element_type=\"widget\" data-e-type=\"widget\" data-widget_type=\"heading.default\">\n\t\t\t\t\t<h3 class=\"elementor-heading-title elementor-size-default\"><strong>Dr. Fan Chunli,<\/strong><br \/>specialist in traditional Chinese medicine and acupuncture<\/h3>\t\t\t\t<\/div>\n\t\t\t\t<div class=\"elementor-element elementor-element-f7a2235 elementor-widget elementor-widget-text-editor\" data-id=\"f7a2235\" data-element_type=\"widget\" data-e-type=\"widget\" data-widget_type=\"text-editor.default\">\n\t\t\t\t\t\t\t\t\t<p>Dr. Fan graduated from Beijing University of Chinese Medicine and Pharmacology in 1989. From 1992 to 1996, he was an assistant physician and lecturer in the internal medicine, neurology, and acupuncture departments at Dong Zi Men University Hospital. He then became head of the emergency unit in the orthopedics department and chief physician until 1997.<\/p>\n<p>Appointed head of the Chinese medicine department at the El Paraiso Clinic (Spain) in 1997, he joined the H\u00f4pital de la Tour in 2010 as a specialist in acupuncture and Tuina massage.<\/p>\n<p>Dr. Fan is highly qualified in orthopedics, traumatology, and Chinese general medicine, offering a precise and patient-centered approach.<\/p>\n<p><b>Languages:<\/b> French | English | Chinese<\/p>\t\t\t\t\t\t\t\t<\/div>\n\t\t\t\t<\/div>\n\t\t\t\t\t<\/div>\n\t\t\t\t<\/div>\n\t\t<div class=\"elementor-element elementor-element-658550e e-flex e-con-boxed e-con e-parent\" data-id=\"658550e\" data-element_type=\"container\" data-e-type=\"container\" data-settings=\"{&quot;background_background&quot;:&quot;classic&quot;}\">\n\t\t\t\t\t<div class=\"e-con-inner\">\n\t\t\t\t<div class=\"elementor-element elementor-element-b23dcb7 elementor-widget elementor-widget-heading\" data-id=\"b23dcb7\" data-element_type=\"widget\" data-e-type=\"widget\" data-widget_type=\"heading.default\">\n\t\t\t\t\t<h2 class=\"elementor-heading-title elementor-size-default\">Dr Dong Clinic<\/h2>\t\t\t\t<\/div>\n\t\t\t\t<div class=\"elementor-element elementor-element-095bd11 elementor-widget-divider--view-line elementor-widget elementor-widget-divider\" data-id=\"095bd11\" data-element_type=\"widget\" data-e-type=\"widget\" data-widget_type=\"divider.default\">\n\t\t\t\t\t\t\t<div class=\"elementor-divider\">\n\t\t\t<span class=\"elementor-divider-separator\">\n\t\t\t\t\t\t<\/span>\n\t\t<\/div>\n\t\t\t\t\t\t<\/div>\n\t\t\t\t<div class=\"elementor-element elementor-element-b90710c elementor-widget elementor-widget-text-editor\" data-id=\"b90710c\" data-element_type=\"widget\" data-e-type=\"widget\" data-widget_type=\"text-editor.default\">\n\t\t\t\t\t\t\t\t\t<span>Dr. Dong&#x27;s clinic is the leading traditional Chinese medicine clinic in Geneva. Established in 2010, the clinic aims to offer the best of proven and effective traditional Chinese medicine therapies, administered safely by a team of highly qualified doctors and managed according to Swiss medical standards.<\/span><p><\/p>\n<p><span>The team of physicians at Dr. Dong&#x27;s clinic are experts in their fields and treat a wide range of conditions. Offering an integrative approach, our physicians work collaboratively with a team of Western medicine specialists to manage patient issues such as fertility, pain management, and neurological health, with the ultimate goal of providing the best care for our patients.<\/span><\/p>\n<p><span>The clinic was honored to be designated as a Sino-Swiss Medical Center in Switzerland by the State Administration of Traditional Chinese Medicine of the People&#x27;s Republic of China in 2018, with which the clinic seeks to advance the promotion and education of traditional Chinese medicine in Switzerland.<\/span><\/p>\t\t\t\t\t\t\t\t<\/div>\n\t\t\t\t\t<\/div>\n\t\t\t\t<\/div>\n\t\t<div class=\"elementor-element elementor-element-b24aca9 e-flex e-con-boxed e-con e-parent\" data-id=\"b24aca9\" data-element_type=\"container\" data-e-type=\"container\" data-settings=\"{&quot;background_background&quot;:&quot;classic&quot;}\">\n\t\t\t\t\t<div class=\"e-con-inner\">\n\t\t\t\t<div class=\"elementor-element elementor-element-15f9551 elementor-widget elementor-widget-heading\" data-id=\"15f9551\" data-element_type=\"widget\" data-e-type=\"widget\" data-widget_type=\"heading.default\">\n\t\t\t\t\t<h2 class=\"elementor-heading-title elementor-size-default\">Our clinic<\/h2>\t\t\t\t<\/div>\n\t\t\t\t<div class=\"elementor-element elementor-element-93860c1 elementor-widget-divider--view-line elementor-widget elementor-widget-divider\" data-id=\"93860c1\" data-element_type=\"widget\" data-e-type=\"widget\" data-widget_type=\"divider.default\">\n\t\t\t\t\t\t\t<div class=\"elementor-divider\">\n\t\t\t<span class=\"elementor-divider-separator\">\n\t\t\t\t\t\t<\/span>\n\t\t<\/div>\n\t\t\t\t\t\t<\/div>\n\t\t\t\t<div class=\"elementor-element elementor-element-5d0b54c elementor-widget elementor-widget-video\" data-id=\"5d0b54c\" data-element_type=\"widget\" data-e-type=\"widget\" data-settings=\"{&quot;video_type&quot;:&quot;hosted&quot;,&quot;show_image_overlay&quot;:&quot;yes&quot;,&quot;image_overlay&quot;:{&quot;url&quot;:&quot;https:\\\/\\\/drdongclinic.ch\\\/wp-content\\\/uploads\\\/2026\\\/02\\\/dimg3.jpg&quot;,&quot;id&quot;:10795,&quot;size&quot;:&quot;&quot;,&quot;alt&quot;:&quot;&quot;,&quot;source&quot;:&quot;library&quot;},&quot;controls&quot;:&quot;yes&quot;}\" data-widget_type=\"video.default\">\n\t\t\t\t\t\t\t<div class=\"e-hosted-video elementor-wrapper elementor-open-inline\">\n\t\t\t\t\t<video class=\"elementor-video\" src=\"https:\/\/drdongclinic.ch\/wp-content\/uploads\/2025\/10\/video-2.mp4\" controls=\"\" preload=\"metadata\" controlslist=\"nodownload\"><\/video>\n\t\t\t\t\t\t<div class=\"elementor-custom-embed-image-overlay\" style=\"background-image: url(https:\/\/drdongclinic.ch\/wp-content\/uploads\/2026\/02\/dimg3.jpg);\">\n\t\t\t\t\t\t\t\t\t\t\t\t\t\t\t\t<div class=\"elementor-custom-embed-play\" role=\"button\" aria-label=\"Play Video\" tabindex=\"0\">\n\t\t\t\t\t\t\t<svg aria-hidden=\"true\" class=\"e-font-icon-svg e-eicon-play\" viewbox=\"0 0 1000 1000\" xmlns=\"http:\/\/www.w3.org\/2000\/svg\"><path d=\"M838 162C746 71 633 25 500 25 371 25 258 71 163 162 71 254 25 367 25 500 25 633 71 746 163 837 254 929 367 979 500 979 633 979 746 933 838 837 929 746 975 633 975 500 975 367 929 254 838 162M808 192C892 279 933 379 933 500 933 621 892 725 808 808 725 892 621 938 500 938 379 938 279 896 196 808 113 725 67 621 67 500 67 379 108 279 196 192 279 108 383 62 500 62 621 62 721 108 808 192M438 392V642L642 517 438 392Z\"><\/path><\/svg>\t\t\t\t\t\t<\/div>\n\t\t\t\t\t\t\t\t\t<\/div>\n\t\t\t\t\t<\/div>\n\t\t\t\t\t\t<\/div>\n\t\t\t\t\t<\/div>\n\t\t\t\t<\/div>\n\t\t<div class=\"elementor-element elementor-element-a0e50a9 e-flex e-con-boxed e-con e-parent\" data-id=\"a0e50a9\" data-element_type=\"container\" data-e-type=\"container\">\n\t\t\t\t\t<div class=\"e-con-inner\">\n\t\t\t\t<div class=\"elementor-element elementor-element-e77f946 elementor-widget elementor-widget-heading\" data-id=\"e77f946\" data-element_type=\"widget\" data-e-type=\"widget\" data-widget_type=\"heading.default\">\n\t\t\t\t\t<div class=\"elementor-heading-title elementor-size-default\">Our Partners<\/div>\t\t\t\t<\/div>\n\t\t\t\t<div class=\"elementor-element elementor-element-e03bfec elementor-widget-divider--view-line elementor-widget elementor-widget-divider\" data-id=\"e03bfec\" data-element_type=\"widget\" data-e-type=\"widget\" data-widget_type=\"divider.default\">\n\t\t\t\t\t\t\t<div class=\"elementor-divider\">\n\t\t\t<span class=\"elementor-divider-separator\">\n\t\t\t\t\t\t<\/span>\n\t\t<\/div>\n\t\t\t\t\t\t<\/div>\n\t\t\t\t<div class=\"elementor-element elementor-element-209f4db elementor-skin-carousel elementor-widget elementor-widget-media-carousel\" data-id=\"209f4db\" data-element_type=\"widget\" data-e-type=\"widget\" data-settings=\"{&quot;slides_per_view&quot;:&quot;4&quot;,&quot;slides_per_view_tablet&quot;:&quot;3&quot;,&quot;slides_per_view_mobile&quot;:&quot;2&quot;,&quot;slides_to_scroll&quot;:&quot;1&quot;,&quot;slides_to_scroll_tablet&quot;:&quot;1&quot;,&quot;slides_to_scroll_mobile&quot;:&quot;1&quot;,&quot;space_between&quot;:{&quot;unit&quot;:&quot;px&quot;,&quot;size&quot;:35,&quot;sizes&quot;:[]},&quot;skin&quot;:&quot;carousel&quot;,&quot;effect&quot;:&quot;slide&quot;,&quot;speed&quot;:500,&quot;autoplay&quot;:&quot;yes&quot;,&quot;autoplay_speed&quot;:5000,&quot;loop&quot;:&quot;yes&quot;,&quot;pause_on_hover&quot;:&quot;yes&quot;,&quot;pause_on_interaction&quot;:&quot;yes&quot;,&quot;space_between_tablet&quot;:{&quot;unit&quot;:&quot;px&quot;,&quot;size&quot;:10,&quot;sizes&quot;:[]},&quot;space_between_mobile&quot;:{&quot;unit&quot;:&quot;px&quot;,&quot;size&quot;:10,&quot;sizes&quot;:[]}}\" data-widget_type=\"media-carousel.default\">\n\t\t\t\t\t\t\t\t\t\t<div class=\"elementor-main-swiper swiper\" role=\"region\" aria-roledescription=\"carousel\" aria-label=\"Slides\">\n\t\t\t\t<div class=\"swiper-wrapper\">\n\t\t\t\t\t\t\t\t\t\t\t<div class=\"swiper-slide\" role=\"group\" aria-roledescription=\"slide\">\n\t\t\t\t\t\t\t\t\t<div class=\"elementor-carousel-image\" role=\"img\" aria-label=\"Frame 365-(Compressify.io) (1)\" style=\"background-image: url(&#039;https:\/\/drdongclinic.ch\/wp-content\/uploads\/2026\/02\/Frame-365-Compressify.io-1.png&#039;)\">\n\n\t\t\t\n\t\t\t\t\t<\/div>\n\t\t\t\t\t\t\t\t<\/div>\n\t\t\t\t\t\t\t\t\t\t\t<div class=\"swiper-slide\" role=\"group\" aria-roledescription=\"slide\">\n\t\t\t\t\t\t\t\t\t<div class=\"elementor-carousel-image\" role=\"img\" aria-label=\"LOGO DIANALABS WEB 486x126_\" style=\"background-image: url(&#039;https:\/\/drdongclinic.ch\/wp-content\/uploads\/2026\/02\/LOGO-DIANALABS-WEB-486x126_.png&#039;)\">\n\n\t\t\t\n\t\t\t\t\t<\/div>\n\t\t\t\t\t\t\t\t<\/div>\n\t\t\t\t\t\t\t\t\t\t\t<div class=\"swiper-slide\" role=\"group\" aria-roledescription=\"slide\">\n\t\t\t\t\t\t\t\t\t<div class=\"elementor-carousel-image\" role=\"img\" aria-label=\"Frame 362-(Compressify.io)\" style=\"background-image: url(&#039;https:\/\/drdongclinic.ch\/wp-content\/uploads\/2026\/02\/Frame-362-Compressify.io_-1.png&#039;)\">\n\n\t\t\t\n\t\t\t\t\t<\/div>\n\t\t\t\t\t\t\t\t<\/div>\n\t\t\t\t\t\t\t\t\t\t\t<div class=\"swiper-slide\" role=\"group\" aria-roledescription=\"slide\">\n\t\t\t\t\t\t\t\t\t<div class=\"elementor-carousel-image\" role=\"img\" aria-label=\"Frame 364-(Compressify.io) (1)\" style=\"background-image: url(&#039;https:\/\/drdongclinic.ch\/wp-content\/uploads\/2026\/02\/Frame-364-Compressify.io-1.png&#039;)\">\n\n\t\t\t\n\t\t\t\t\t<\/div>\n\t\t\t\t\t\t\t\t<\/div>\n\t\t\t\t\t\t\t\t\t<\/div>\n\t\t\t\t\t\t\t\t\t\t\t\t\t\t\t\t\t\t\t\t\t<\/div>\n\t\t\t\t\t\t\t\t<\/div>\n\t\t\t\t\t<\/div>\n\t\t\t\t<\/div>\n\t\t\t\t<\/div>","protected":false},"excerpt":{"rendered":"<p>Nos sp\u00e9cialistes M\u00c9DECINS DE M\u00c9DECINE TRADITIONNELLE CHINOISE Dr Fan Chunli Sp\u00e9cialiste en m\u00e9decine traditionnelle chinoise et en acupuncture Le Dr Fan a obtenu son dipl\u00f4me \u00e0 l&rsquo;universit\u00e9 de m\u00e9decine chinoise et de pharmacologie de P\u00e9kin en 1989. De 1992 \u00e0 1996, il a \u00e9t\u00e9 m\u00e9decin assistant et conf\u00e9rencier dans les services de m\u00e9decine interne, de [&hellip;]<\/p>\n","protected":false},"author":1,"featured_media":0,"parent":0,"menu_order":0,"comment_status":"closed","ping_status":"closed","template":"","meta":{"footnotes":""},"class_list":["post-9701","page","type-page","status-publish","hentry"],"yoast_head":"<!-- This site is optimized with the Yoast SEO plugin v27.2 - https:\/\/yoast.com\/product\/yoast-seo-wordpress\/ -->\n<title>Praticien - Dr Fan Chunl - Clinique Dr. Dong<\/title>\n<meta name=\"robots\" content=\"index, follow, max-snippet:-1, max-image-preview:large, max-video-preview:-1\" \/>\n<link rel=\"canonical\" href=\"https:\/\/drdongclinic.ch\/en\/specialist-dr-fan-chunl\/\" \/>\n<meta property=\"og:locale\" content=\"en_US\" \/>\n<meta property=\"og:type\" content=\"article\" \/>\n<meta property=\"og:title\" content=\"Praticien - Dr Fan Chunl - Clinique Dr. Dong\" \/>\n<meta property=\"og:description\" content=\"Nos sp\u00e9cialistes M\u00c9DECINS DE M\u00c9DECINE TRADITIONNELLE CHINOISE Dr Fan Chunli Sp\u00e9cialiste en m\u00e9decine traditionnelle chinoise et en acupuncture Le Dr Fan a obtenu son dipl\u00f4me \u00e0 l&rsquo;universit\u00e9 de m\u00e9decine chinoise et de pharmacologie de P\u00e9kin en 1989. De 1992 \u00e0 1996, il a \u00e9t\u00e9 m\u00e9decin assistant et conf\u00e9rencier dans les services de m\u00e9decine interne, de [&hellip;]\" \/>\n<meta property=\"og:url\" content=\"https:\/\/drdongclinic.ch\/en\/specialist-dr-fan-chunl\/\" \/>\n<meta property=\"og:site_name\" content=\"Clinique Dr. Dong\" \/>\n<meta property=\"article:publisher\" content=\"https:\/\/www.facebook.com\/clinicdudrdong\" \/>\n<meta property=\"article:modified_time\" content=\"2026-03-02T11:35:12+00:00\" \/>\n<meta property=\"og:image\" content=\"https:\/\/fps.self.in.rs\/wp-content\/uploads\/2025\/09\/Fan-scaled.jpeg\" \/>\n<meta name=\"twitter:card\" content=\"summary_large_image\" \/>\n<meta name=\"twitter:label1\" content=\"Est. reading time\" \/>\n\t<meta name=\"twitter:data1\" content=\"2 minutes\" \/>\n<script type=\"application\/ld+json\" class=\"yoast-schema-graph\">{\"@context\":\"https:\/\/schema.org\",\"@graph\":[{\"@type\":\"WebPage\",\"@id\":\"https:\/\/drdongclinic.ch\/specialiste-dr-fan-chunl\/\",\"url\":\"https:\/\/drdongclinic.ch\/specialiste-dr-fan-chunl\/\",\"name\":\"Praticien - Dr Fan Chunl - Clinique Dr. Dong\",\"isPartOf\":{\"@id\":\"https:\/\/drdongclinic.ch\/#website\"},\"primaryImageOfPage\":{\"@id\":\"https:\/\/drdongclinic.ch\/specialiste-dr-fan-chunl\/#primaryimage\"},\"image\":{\"@id\":\"https:\/\/drdongclinic.ch\/specialiste-dr-fan-chunl\/#primaryimage\"},\"thumbnailUrl\":\"https:\/\/fps.self.in.rs\/wp-content\/uploads\/2025\/09\/Fan-scaled.jpeg\",\"datePublished\":\"2025-10-23T16:16:23+00:00\",\"dateModified\":\"2026-03-02T11:35:12+00:00\",\"breadcrumb\":{\"@id\":\"https:\/\/drdongclinic.ch\/specialiste-dr-fan-chunl\/#breadcrumb\"},\"inLanguage\":\"en-US\",\"potentialAction\":[{\"@type\":\"ReadAction\",\"target\":[\"https:\/\/drdongclinic.ch\/specialiste-dr-fan-chunl\/\"]}]},{\"@type\":\"ImageObject\",\"inLanguage\":\"en-US\",\"@id\":\"https:\/\/drdongclinic.ch\/specialiste-dr-fan-chunl\/#primaryimage\",\"url\":\"https:\/\/fps.self.in.rs\/wp-content\/uploads\/2025\/09\/Fan-scaled.jpeg\",\"contentUrl\":\"https:\/\/fps.self.in.rs\/wp-content\/uploads\/2025\/09\/Fan-scaled.jpeg\"},{\"@type\":\"BreadcrumbList\",\"@id\":\"https:\/\/drdongclinic.ch\/specialiste-dr-fan-chunl\/#breadcrumb\",\"itemListElement\":[{\"@type\":\"ListItem\",\"position\":1,\"name\":\"Home\",\"item\":\"https:\/\/drdongclinic.ch\/\"},{\"@type\":\"ListItem\",\"position\":2,\"name\":\"Praticien &#8211; Dr Fan Chunl\"}]},{\"@type\":\"WebSite\",\"@id\":\"https:\/\/drdongclinic.ch\/#website\",\"url\":\"https:\/\/drdongclinic.ch\/\",\"name\":\"Clinique Dr. Dong\",\"description\":\"Centre sino-suisse de m\u00e9decine chinoise\",\"publisher\":{\"@id\":\"https:\/\/drdongclinic.ch\/#organization\"},\"potentialAction\":[{\"@type\":\"SearchAction\",\"target\":{\"@type\":\"EntryPoint\",\"urlTemplate\":\"https:\/\/drdongclinic.ch\/?s={search_term_string}\"},\"query-input\":{\"@type\":\"PropertyValueSpecification\",\"valueRequired\":true,\"valueName\":\"search_term_string\"}}],\"inLanguage\":\"en-US\"},{\"@type\":\"Organization\",\"@id\":\"https:\/\/drdongclinic.ch\/#organization\",\"name\":\"Clinique Dr. Dong\",\"url\":\"https:\/\/drdongclinic.ch\/\",\"logo\":{\"@type\":\"ImageObject\",\"inLanguage\":\"en-US\",\"@id\":\"https:\/\/drdongclinic.ch\/#\/schema\/logo\/image\/\",\"url\":\"https:\/\/drdongclinic.ch\/wp-content\/uploads\/2025\/10\/DRDONGCLINIC-menu-logo.png\",\"contentUrl\":\"https:\/\/drdongclinic.ch\/wp-content\/uploads\/2025\/10\/DRDONGCLINIC-menu-logo.png\",\"width\":751,\"height\":236,\"caption\":\"Clinique Dr. Dong\"},\"image\":{\"@id\":\"https:\/\/drdongclinic.ch\/#\/schema\/logo\/image\/\"},\"sameAs\":[\"https:\/\/www.facebook.com\/clinicdudrdong\"]}]}<\/script>\n<!-- \/ Yoast SEO plugin. -->","yoast_head_json":{"title":"Practitioner - Dr Fan Chunl - Dr.Dong Clinic","robots":{"index":"index","follow":"follow","max-snippet":"max-snippet:-1","max-image-preview":"max-image-preview:large","max-video-preview":"max-video-preview:-1"},"canonical":"https:\/\/drdongclinic.ch\/en\/specialist-dr-fan-chunl\/","og_locale":"en_US","og_type":"article","og_title":"Praticien - Dr Fan Chunl - Clinique Dr. Dong","og_description":"Nos sp\u00e9cialistes M\u00c9DECINS DE M\u00c9DECINE TRADITIONNELLE CHINOISE Dr Fan Chunli Sp\u00e9cialiste en m\u00e9decine traditionnelle chinoise et en acupuncture Le Dr Fan a obtenu son dipl\u00f4me \u00e0 l&rsquo;universit\u00e9 de m\u00e9decine chinoise et de pharmacologie de P\u00e9kin en 1989. De 1992 \u00e0 1996, il a \u00e9t\u00e9 m\u00e9decin assistant et conf\u00e9rencier dans les services de m\u00e9decine interne, de [&hellip;]","og_url":"https:\/\/drdongclinic.ch\/en\/specialist-dr-fan-chunl\/","og_site_name":"Clinique Dr. Dong","article_publisher":"https:\/\/www.facebook.com\/clinicdudrdong","article_modified_time":"2026-03-02T11:35:12+00:00","og_image":[{"url":"https:\/\/fps.self.in.rs\/wp-content\/uploads\/2025\/09\/Fan-scaled.jpeg","type":"","width":"","height":""}],"twitter_card":"summary_large_image","twitter_misc":{"Est. reading time":"2 minutes"},"schema":{"@context":"https:\/\/schema.org","@graph":[{"@type":"WebPage","@id":"https:\/\/drdongclinic.ch\/specialiste-dr-fan-chunl\/","url":"https:\/\/drdongclinic.ch\/specialiste-dr-fan-chunl\/","name":"Practitioner - Dr Fan Chunl - Dr.Dong Clinic","isPartOf":{"@id":"https:\/\/drdongclinic.ch\/#website"},"primaryImageOfPage":{"@id":"https:\/\/drdongclinic.ch\/specialiste-dr-fan-chunl\/#primaryimage"},"image":{"@id":"https:\/\/drdongclinic.ch\/specialiste-dr-fan-chunl\/#primaryimage"},"thumbnailUrl":"https:\/\/fps.self.in.rs\/wp-content\/uploads\/2025\/09\/Fan-scaled.jpeg","datePublished":"2025-10-23T16:16:23+00:00","dateModified":"2026-03-02T11:35:12+00:00","breadcrumb":{"@id":"https:\/\/drdongclinic.ch\/specialiste-dr-fan-chunl\/#breadcrumb"},"inLanguage":"en-US","potentialAction":[{"@type":"ReadAction","target":["https:\/\/drdongclinic.ch\/specialiste-dr-fan-chunl\/"]}]},{"@type":"ImageObject","inLanguage":"en-US","@id":"https:\/\/drdongclinic.ch\/specialiste-dr-fan-chunl\/#primaryimage","url":"https:\/\/fps.self.in.rs\/wp-content\/uploads\/2025\/09\/Fan-scaled.jpeg","contentUrl":"https:\/\/fps.self.in.rs\/wp-content\/uploads\/2025\/09\/Fan-scaled.jpeg"},{"@type":"BreadcrumbList","@id":"https:\/\/drdongclinic.ch\/specialiste-dr-fan-chunl\/#breadcrumb","itemListElement":[{"@type":"ListItem","position":1,"name":"Home","item":"https:\/\/drdongclinic.ch\/"},{"@type":"ListItem","position":2,"name":"Praticien &#8211; Dr Fan Chunl"}]},{"@type":"WebSite","@id":"https:\/\/drdongclinic.ch\/#website","url":"https:\/\/drdongclinic.ch\/","name":"Dr.Dong Clinic","description":"Sino-Swiss Center for Chinese Medicine","publisher":{"@id":"https:\/\/drdongclinic.ch\/#organization"},"potentialAction":[{"@type":"SearchAction","target":{"@type":"EntryPoint","urlTemplate":"https:\/\/drdongclinic.ch\/?s={search_term_string}"},"query-input":{"@type":"PropertyValueSpecification","valueRequired":true,"valueName":"search_term_string"}}],"inLanguage":"en-US"},{"@type":"Organization","@id":"https:\/\/drdongclinic.ch\/#organization","name":"Dr.Dong Clinic","url":"https:\/\/drdongclinic.ch\/","logo":{"@type":"ImageObject","inLanguage":"en-US","@id":"https:\/\/drdongclinic.ch\/#\/schema\/logo\/image\/","url":"https:\/\/drdongclinic.ch\/wp-content\/uploads\/2025\/10\/DRDONGCLINIC-menu-logo.png","contentUrl":"https:\/\/drdongclinic.ch\/wp-content\/uploads\/2025\/10\/DRDONGCLINIC-menu-logo.png","width":751,"height":236,"caption":"Clinique Dr. Dong"},"image":{"@id":"https:\/\/drdongclinic.ch\/#\/schema\/logo\/image\/"},"sameAs":["https:\/\/www.facebook.com\/clinicdudrdong"]}]}},"_links":{"self":[{"href":"https:\/\/drdongclinic.ch\/en\/wp-json\/wp\/v2\/pages\/9701","targetHints":{"allow":["GET"]}}],"collection":[{"href":"https:\/\/drdongclinic.ch\/en\/wp-json\/wp\/v2\/pages"}],"about":[{"href":"https:\/\/drdongclinic.ch\/en\/wp-json\/wp\/v2\/types\/page"}],"author":[{"embeddable":true,"href":"https:\/\/drdongclinic.ch\/en\/wp-json\/wp\/v2\/users\/1"}],"replies":[{"embeddable":true,"href":"https:\/\/drdongclinic.ch\/en\/wp-json\/wp\/v2\/comments?post=9701"}],"version-history":[{"count":4,"href":"https:\/\/drdongclinic.ch\/en\/wp-json\/wp\/v2\/pages\/9701\/revisions"}],"predecessor-version":[{"id":11258,"href":"https:\/\/drdongclinic.ch\/en\/wp-json\/wp\/v2\/pages\/9701\/revisions\/11258"}],"wp:attachment":[{"href":"https:\/\/drdongclinic.ch\/en\/wp-json\/wp\/v2\/media?parent=9701"}],"curies":[{"name":"wp","href":"https:\/\/api.w.org\/{rel}","templated":true}]}}